{"id":10,"date":"2016-07-08T11:40:27","date_gmt":"2016-07-08T09:40:27","guid":{"rendered":"http:\/\/www.schlosscarree.de\/urologie\/?page_id=10"},"modified":"2026-04-29T22:46:24","modified_gmt":"2026-04-29T20:46:24","slug":"leistungen","status":"publish","type":"page","link":"https:\/\/www.schlosscarree.de\/urologie\/leistungen\/","title":{"rendered":"Leistungen"},"content":{"rendered":"\t\t<div data-elementor-type=\"wp-page\" data-elementor-id=\"10\" class=\"elementor elementor-10\" data-elementor-post-type=\"page\">\n\t\t\t\t\t\t<section class=\"elementor-section elementor-top-section elementor-element elementor-element-f899708 elementor-section-boxed elementor-section-height-default elementor-section-height-default\" data-id=\"f899708\" data-element_type=\"section\" data-e-type=\"section\">\n\t\t\t\t\t\t<div class=\"elementor-container elementor-column-gap-default\">\n\t\t\t\t\t<div class=\"elementor-column elementor-col-100 elementor-top-column elementor-element elementor-element-364ddbf\" data-id=\"364ddbf\" data-element_type=\"column\" data-e-type=\"column\">\n\t\t\t<div class=\"elementor-widget-wrap elementor-element-populated\">\n\t\t\t\t\t\t<section class=\"elementor-section elementor-inner-section elementor-element elementor-element-dc1922f elementor-section-boxed elementor-section-height-default elementor-section-height-default\" data-id=\"dc1922f\" data-element_type=\"section\" data-e-type=\"section\">\n\t\t\t\t\t\t<div class=\"elementor-container elementor-column-gap-default\">\n\t\t\t\t\t<div class=\"elementor-column elementor-col-100 elementor-inner-column elementor-element elementor-element-59e048a\" data-id=\"59e048a\" data-element_type=\"column\" data-e-type=\"column\">\n\t\t\t<div class=\"elementor-widget-wrap elementor-element-populated\">\n\t\t\t\t\t\t<div class=\"elementor-element elementor-element-2b87287 elementor-widget elementor-widget-heading\" data-id=\"2b87287\" data-element_type=\"widget\" data-e-type=\"widget\" data-widget_type=\"heading.default\">\n\t\t\t\t<div class=\"elementor-widget-container\">\n\t\t\t\t\t<h4 class=\"elementor-heading-title elementor-size-default\">Leistungen<\/h4>\t\t\t\t<\/div>\n\t\t\t\t<\/div>\n\t\t\t\t\t<\/div>\n\t\t<\/div>\n\t\t\t\t\t<\/div>\n\t\t<\/section>\n\t\t\t\t\t<\/div>\n\t\t<\/div>\n\t\t\t\t\t<\/div>\n\t\t<\/section>\n\t\t\t\t<section class=\"elementor-section elementor-top-section elementor-element elementor-element-5bd0304f elementor-section-boxed elementor-section-height-default elementor-section-height-default\" data-id=\"5bd0304f\" data-element_type=\"section\" data-e-type=\"section\">\n\t\t\t\t\t\t<div class=\"elementor-container elementor-column-gap-default\">\n\t\t\t\t\t<div class=\"elementor-column elementor-col-100 elementor-top-column elementor-element elementor-element-a3fc5c7\" data-id=\"a3fc5c7\" data-element_type=\"column\" data-e-type=\"column\">\n\t\t\t<div class=\"elementor-widget-wrap elementor-element-populated\">\n\t\t\t\t\t\t<div class=\"elementor-element elementor-element-6d7c09b elementor-widget elementor-widget-text-editor\" data-id=\"6d7c09b\" data-element_type=\"widget\" data-e-type=\"widget\" data-widget_type=\"text-editor.default\">\n\t\t\t\t<div class=\"elementor-widget-container\">\n\t\t\t\t\t\t\t\t\t<p>Als Fach\u00e4rzte mit langj\u00e4hriger Erfahrung in Klinik und Praxis bieten wir die gesamte Palette der urologischen Untersuchungen und Behandlungen an.<\/p><p>Wir informieren Sie hier zu folgenden Themen:<\/p>\t\t\t\t\t\t\t\t<\/div>\n\t\t\t\t<\/div>\n\t\t\t\t<div class=\"elementor-element elementor-element-658b263 elementor-widget elementor-widget-toggle\" data-id=\"658b263\" data-element_type=\"widget\" data-e-type=\"widget\" data-widget_type=\"toggle.default\">\n\t\t\t\t<div class=\"elementor-widget-container\">\n\t\t\t\t\t\t\t<div class=\"elementor-toggle\">\n\t\t\t\t\t\t\t<div class=\"elementor-toggle-item\">\n\t\t\t\t\t<div id=\"elementor-tab-title-1061\" class=\"elementor-tab-title\" data-tab=\"1\" role=\"button\" aria-controls=\"elementor-tab-content-1061\" aria-expanded=\"false\">\n\t\t\t\t\t\t\t\t\t\t\t\t<span class=\"elementor-toggle-icon elementor-toggle-icon-left\" aria-hidden=\"true\">\n\t\t\t\t\t\t\t\t\t\t\t\t\t\t\t<span class=\"elementor-toggle-icon-closed\"><i class=\"fas fa-caret-right\"><\/i><\/span>\n\t\t\t\t\t\t\t\t<span class=\"elementor-toggle-icon-opened\"><i class=\"elementor-toggle-icon-opened fas fa-caret-up\"><\/i><\/span>\n\t\t\t\t\t\t\t\t\t\t\t\t\t<\/span>\n\t\t\t\t\t\t\t\t\t\t\t\t<a class=\"elementor-toggle-title\" tabindex=\"0\">Onkologie<\/a>\n\t\t\t\t\t<\/div>\n\n\t\t\t\t\t<div id=\"elementor-tab-content-1061\" class=\"elementor-tab-content elementor-clearfix\" data-tab=\"1\" role=\"region\" aria-labelledby=\"elementor-tab-title-1061\"><p>Schwerpunkt unserer Praxis ist die Onkologie, also die Behandlung der b\u00f6sartigen Tumoren wie Nierenkrebs, Blasenkrebs, Prostatakrebs und Hodenkrebs.<\/p><\/div>\n\t\t\t\t<\/div>\n\t\t\t\t\t\t\t<div class=\"elementor-toggle-item\">\n\t\t\t\t\t<div id=\"elementor-tab-title-1062\" class=\"elementor-tab-title\" data-tab=\"2\" role=\"button\" aria-controls=\"elementor-tab-content-1062\" aria-expanded=\"false\">\n\t\t\t\t\t\t\t\t\t\t\t\t<span class=\"elementor-toggle-icon elementor-toggle-icon-left\" aria-hidden=\"true\">\n\t\t\t\t\t\t\t\t\t\t\t\t\t\t\t<span class=\"elementor-toggle-icon-closed\"><i class=\"fas fa-caret-right\"><\/i><\/span>\n\t\t\t\t\t\t\t\t<span class=\"elementor-toggle-icon-opened\"><i class=\"elementor-toggle-icon-opened fas fa-caret-up\"><\/i><\/span>\n\t\t\t\t\t\t\t\t\t\t\t\t\t<\/span>\n\t\t\t\t\t\t\t\t\t\t\t\t<a class=\"elementor-toggle-title\" tabindex=\"0\">Onkologische Beratung<\/a>\n\t\t\t\t\t<\/div>\n\n\t\t\t\t\t<div id=\"elementor-tab-content-1062\" class=\"elementor-tab-content elementor-clearfix\" data-tab=\"2\" role=\"region\" aria-labelledby=\"elementor-tab-title-1062\"><p>Als onkologisch verantwortliche \u00c4rzte mit der Zusatzweiterbildung Medikament\u00f6se Tumortherapie (Dr. Schreier und Dr. Junius) sind wir hier besonders engagiert. Die Zusammenarbeit mit anderen Fachdisziplinen ist ganz wichtig, um f\u00fcr die erkrankten Patienten hier das Beste zu tun. Wir nehmen an der interdisziplin\u00e4ren Tumorkonferenz am Klinikum Braunschweig teil und stellen dort unsere Patienten vor, diskutieren mit Kollegen aus der Urologie, Radioonkologie, Onkologie und Pathologie Verl\u00e4ufe sowie Behandlungen und legen gemeinsam Strategien zur weiteren Versorgung fest.<\/p><p><img decoding=\"async\" class=\"size-full wp-image-114 alignright\" src=\"http:\/\/www.schlosscarree.de\/urologie\/wp-content\/uploads\/2016\/07\/urologie-behandlung.jpg\" alt=\"urologie-behandlung\" width=\"225\" height=\"150\" \/><\/p><\/div>\n\t\t\t\t<\/div>\n\t\t\t\t\t\t\t<div class=\"elementor-toggle-item\">\n\t\t\t\t\t<div id=\"elementor-tab-title-1063\" class=\"elementor-tab-title\" data-tab=\"3\" role=\"button\" aria-controls=\"elementor-tab-content-1063\" aria-expanded=\"false\">\n\t\t\t\t\t\t\t\t\t\t\t\t<span class=\"elementor-toggle-icon elementor-toggle-icon-left\" aria-hidden=\"true\">\n\t\t\t\t\t\t\t\t\t\t\t\t\t\t\t<span class=\"elementor-toggle-icon-closed\"><i class=\"fas fa-caret-right\"><\/i><\/span>\n\t\t\t\t\t\t\t\t<span class=\"elementor-toggle-icon-opened\"><i class=\"elementor-toggle-icon-opened fas fa-caret-up\"><\/i><\/span>\n\t\t\t\t\t\t\t\t\t\t\t\t\t<\/span>\n\t\t\t\t\t\t\t\t\t\t\t\t<a class=\"elementor-toggle-title\" tabindex=\"0\">MRT-Fusionsbiopsie der Prostata<\/a>\n\t\t\t\t\t<\/div>\n\n\t\t\t\t\t<div id=\"elementor-tab-content-1063\" class=\"elementor-tab-content elementor-clearfix\" data-tab=\"3\" role=\"region\" aria-labelledby=\"elementor-tab-title-1063\"><p>Bei Verdacht auf ein Prostatakrebs hilft ein MRT der Prostata bei der ENtscheidung eine Gewebeprobenentnahem durchzuf\u00fchren. Wenn im MRT verd\u00e4chtige Stellen definiert werden, f\u00fchren die MRT-Fusionsbiopsie durch. Dabei werden die Bilder des MRT in das Ultraschallger\u00e4t geladen und simultan zum Ultraschallbild angezeigt. Durch eine technische Fusion der Daten kann die Gewebeprobenentnahme dann gezielt durchgef\u00fchrt werden:<\/p><p>Linke Seite Ultraschallbild, rechte Seite MRT Daten.<\/p><p><img fetchpriority=\"high\" decoding=\"async\" class=\"alignnone size-full wp-image-4043\" src=\"https:\/\/www.schlosscarree.de\/urologie\/wp-content\/uploads\/2026\/04\/Fusionsbiopsie.jpg\" alt=\"Screenshot Fusionsbiopsie der Prostata\" width=\"1280\" height=\"960\" srcset=\"https:\/\/www.schlosscarree.de\/urologie\/wp-content\/uploads\/2026\/04\/Fusionsbiopsie.jpg 1280w, https:\/\/www.schlosscarree.de\/urologie\/wp-content\/uploads\/2026\/04\/Fusionsbiopsie-300x225.jpg 300w, https:\/\/www.schlosscarree.de\/urologie\/wp-content\/uploads\/2026\/04\/Fusionsbiopsie-1024x768.jpg 1024w, https:\/\/www.schlosscarree.de\/urologie\/wp-content\/uploads\/2026\/04\/Fusionsbiopsie-768x576.jpg 768w\" sizes=\"(max-width: 1280px) 100vw, 1280px\" \/><\/p><\/div>\n\t\t\t\t<\/div>\n\t\t\t\t\t\t\t<div class=\"elementor-toggle-item\">\n\t\t\t\t\t<div id=\"elementor-tab-title-1064\" class=\"elementor-tab-title\" data-tab=\"4\" role=\"button\" aria-controls=\"elementor-tab-content-1064\" aria-expanded=\"false\">\n\t\t\t\t\t\t\t\t\t\t\t\t<span class=\"elementor-toggle-icon elementor-toggle-icon-left\" aria-hidden=\"true\">\n\t\t\t\t\t\t\t\t\t\t\t\t\t\t\t<span class=\"elementor-toggle-icon-closed\"><i class=\"fas fa-caret-right\"><\/i><\/span>\n\t\t\t\t\t\t\t\t<span class=\"elementor-toggle-icon-opened\"><i class=\"elementor-toggle-icon-opened fas fa-caret-up\"><\/i><\/span>\n\t\t\t\t\t\t\t\t\t\t\t\t\t<\/span>\n\t\t\t\t\t\t\t\t\t\t\t\t<a class=\"elementor-toggle-title\" tabindex=\"0\">Onkologische Behandlung<\/a>\n\t\t\t\t\t<\/div>\n\n\t\t\t\t\t<div id=\"elementor-tab-content-1064\" class=\"elementor-tab-content elementor-clearfix\" data-tab=\"4\" role=\"region\" aria-labelledby=\"elementor-tab-title-1064\"><p>Im Vordergrund steht die Medikament\u00f6se Therapie beim Prostata- und Blasenkarzinom. Des Weiteren wenden wir Medikamente an, die den Substanzverlust an den Knochen bei Tochtergeschw\u00fcren (Metastasen) in den Knochen minimiert.<\/p><p>Beim <b>Blasenkrebs<\/b> ist eine Behandlung mit einem in die Blase zu gebendem Medikament wirkungsvoll, um das Fortschreiten oder Wiederauftreten der Erkrankung zu verhindern (Instillationstherapie). Hierbei kommen die Medikamente BCG und Mitomycin zum Einsatz.<\/p><p>Auch bei anderen Tumoren wie dem Nierenkrebs und dem Hodenkrebs kann eine medikament\u00f6se Behandlung angezeigt sein und wird dann von uns durchgef\u00fchrt.<\/p><p>Dabei beschr\u00e4nken wir uns nicht auf die medikament\u00f6se Behandlung mit Tabletten, sondern f\u00fchren st\u00e4ndig Immun- und Chemotherapien in unserer Praxis durch. Es kommen alle g\u00e4ngigen Protokolle bei uns zum Einsatz.<\/p><p>Sollte es im Rahmen einer Krebserkrankung notwendig sein, eine Bluttransfusion durchf\u00fchren zu m\u00fcssen, kann dies in unserer Praxis geschehen.<\/p><\/div>\n\t\t\t\t<\/div>\n\t\t\t\t\t\t\t<div class=\"elementor-toggle-item\">\n\t\t\t\t\t<div id=\"elementor-tab-title-1065\" class=\"elementor-tab-title\" data-tab=\"5\" role=\"button\" aria-controls=\"elementor-tab-content-1065\" aria-expanded=\"false\">\n\t\t\t\t\t\t\t\t\t\t\t\t<span class=\"elementor-toggle-icon elementor-toggle-icon-left\" aria-hidden=\"true\">\n\t\t\t\t\t\t\t\t\t\t\t\t\t\t\t<span class=\"elementor-toggle-icon-closed\"><i class=\"fas fa-caret-right\"><\/i><\/span>\n\t\t\t\t\t\t\t\t<span class=\"elementor-toggle-icon-opened\"><i class=\"elementor-toggle-icon-opened fas fa-caret-up\"><\/i><\/span>\n\t\t\t\t\t\t\t\t\t\t\t\t\t<\/span>\n\t\t\t\t\t\t\t\t\t\t\t\t<a class=\"elementor-toggle-title\" tabindex=\"0\">Palliativmedizinische Versorgung -SAPV<\/a>\n\t\t\t\t\t<\/div>\n\n\t\t\t\t\t<div id=\"elementor-tab-content-1065\" class=\"elementor-tab-content elementor-clearfix\" data-tab=\"5\" role=\"region\" aria-labelledby=\"elementor-tab-title-1065\"><p>Zur Sicherstellung der ambulanten Versorgung schwerkranker Patienten arbeiten wir mit dem Palliativteam Braunschweig um den Pflegedienst Lichtblick und die Onkologische Schwerpunktpraxis Dres. Adler, Marschal und Pies zusammen. Hierdurch k\u00f6nnen wir auch in sehr betreuungsintensiven Phasen eine Versorgung rund um die Uhr zu Hause gew\u00e4hrleisten. Mit dem SAPV-Team des Marienstifts besteht ebenso eine Kooperationsvereinbarung.<\/p><\/div>\n\t\t\t\t<\/div>\n\t\t\t\t\t\t\t<div class=\"elementor-toggle-item\">\n\t\t\t\t\t<div id=\"elementor-tab-title-1066\" class=\"elementor-tab-title\" data-tab=\"6\" role=\"button\" aria-controls=\"elementor-tab-content-1066\" aria-expanded=\"false\">\n\t\t\t\t\t\t\t\t\t\t\t\t<span class=\"elementor-toggle-icon elementor-toggle-icon-left\" aria-hidden=\"true\">\n\t\t\t\t\t\t\t\t\t\t\t\t\t\t\t<span class=\"elementor-toggle-icon-closed\"><i class=\"fas fa-caret-right\"><\/i><\/span>\n\t\t\t\t\t\t\t\t<span class=\"elementor-toggle-icon-opened\"><i class=\"elementor-toggle-icon-opened fas fa-caret-up\"><\/i><\/span>\n\t\t\t\t\t\t\t\t\t\t\t\t\t<\/span>\n\t\t\t\t\t\t\t\t\t\t\t\t<a class=\"elementor-toggle-title\" tabindex=\"0\">Krebsvorsorge und Fr\u00fcherkennungsuntersuchung<\/a>\n\t\t\t\t\t<\/div>\n\n\t\t\t\t\t<div id=\"elementor-tab-content-1066\" class=\"elementor-tab-content elementor-clearfix\" data-tab=\"6\" role=\"region\" aria-labelledby=\"elementor-tab-title-1066\"><p>Genauso wichtig wie die Behandlung ist die Fr\u00fcherkennung und Vorsorge von Tumoren. Empfohlen wird die Vorsorge ab dem 45. Lebensjahr. Bei Patienten mit Krebs in der Familie ist sie schon ab dem 40. Lebensjahr wichtig. Wir empfehlen bei M\u00e4nnern auch die Durchf\u00fchrung einer Blutuntersuchung (PSA = Prostata Spezifisches Antigen) und eine Ultraschalluntersuchung der Prostata durch den Enddarm (TRUS = Transrectaler Ultraschall).<\/p><p>Als besondere Untersuchung bieten wir die MRT-Fusionsbiopsie der Prostata an. Hierbei werden die Bilder des MRT der Prostata in das Ultraschallger\u00e4t eingelesenund mit den Ultraschallbildern fusioniert. Dadurch ist eine exakte Biospie der verd\u00e4chtigen Areale m\u00f6glich.<\/p><\/div>\n\t\t\t\t<\/div>\n\t\t\t\t\t\t\t<div class=\"elementor-toggle-item\">\n\t\t\t\t\t<div id=\"elementor-tab-title-1067\" class=\"elementor-tab-title\" data-tab=\"7\" role=\"button\" aria-controls=\"elementor-tab-content-1067\" aria-expanded=\"false\">\n\t\t\t\t\t\t\t\t\t\t\t\t<span class=\"elementor-toggle-icon elementor-toggle-icon-left\" aria-hidden=\"true\">\n\t\t\t\t\t\t\t\t\t\t\t\t\t\t\t<span class=\"elementor-toggle-icon-closed\"><i class=\"fas fa-caret-right\"><\/i><\/span>\n\t\t\t\t\t\t\t\t<span class=\"elementor-toggle-icon-opened\"><i class=\"elementor-toggle-icon-opened fas fa-caret-up\"><\/i><\/span>\n\t\t\t\t\t\t\t\t\t\t\t\t\t<\/span>\n\t\t\t\t\t\t\t\t\t\t\t\t<a class=\"elementor-toggle-title\" tabindex=\"0\">Labor<\/a>\n\t\t\t\t\t<\/div>\n\n\t\t\t\t\t<div id=\"elementor-tab-content-1067\" class=\"elementor-tab-content elementor-clearfix\" data-tab=\"7\" role=\"region\" aria-labelledby=\"elementor-tab-title-1067\"><p>In unserem Labor f\u00fchren wir Untersuchungen von Urin, Ejakulat, Abstrichen und Blutproben zum Teil selber durch. Dadurch haben wir schnell und ohne Verz\u00f6gerung diese wichtigen Ergebnisse.<\/p><p>Testosteron (das m\u00e4nnliche Geschlechtshormon) und das PSA (Prostata Spezifisches Antigen) werden t\u00e4glich bestimmt. Bei dem Verdacht auf das Vorliegen einer bakteriellen Besiedelung des Urins werden Keimbestimmungen und die Testung auf verschiedene Antibiotika durchgef\u00fchrt.<\/p><p>In der Urindiagnostik wird nebem dem Urinsediment die <b>Urinzytologie<\/b> durchgef\u00fchrt. Dabei wird der Urin auf das Vorliegen von b\u00f6sartigen Tumorzellen untersucht. Zus\u00e4tzlich bieten wir die Durchf\u00fchrung eines Urintests &#8211; den <b>UBC<\/b> (urinary bladder check) &#8211; an, da in der Urinzytologie manche Tumore nicht erfasst werden.<\/p><\/div>\n\t\t\t\t<\/div>\n\t\t\t\t\t\t\t<div class=\"elementor-toggle-item\">\n\t\t\t\t\t<div id=\"elementor-tab-title-1068\" class=\"elementor-tab-title\" data-tab=\"8\" role=\"button\" aria-controls=\"elementor-tab-content-1068\" aria-expanded=\"false\">\n\t\t\t\t\t\t\t\t\t\t\t\t<span class=\"elementor-toggle-icon elementor-toggle-icon-left\" aria-hidden=\"true\">\n\t\t\t\t\t\t\t\t\t\t\t\t\t\t\t<span class=\"elementor-toggle-icon-closed\"><i class=\"fas fa-caret-right\"><\/i><\/span>\n\t\t\t\t\t\t\t\t<span class=\"elementor-toggle-icon-opened\"><i class=\"elementor-toggle-icon-opened fas fa-caret-up\"><\/i><\/span>\n\t\t\t\t\t\t\t\t\t\t\t\t\t<\/span>\n\t\t\t\t\t\t\t\t\t\t\t\t<a class=\"elementor-toggle-title\" tabindex=\"0\">Krebs-Nachsorge<\/a>\n\t\t\t\t\t<\/div>\n\n\t\t\t\t\t<div id=\"elementor-tab-content-1068\" class=\"elementor-tab-content elementor-clearfix\" data-tab=\"8\" role=\"region\" aria-labelledby=\"elementor-tab-title-1068\"><p>So wichtig das fr\u00fchzeitige Erkennen eines b\u00f6sartigen Krebs ist, die regelm\u00e4\u00dfige Nachsorge erg\u00e4nzt die Behandlung. R\u00fcckf\u00e4lle k\u00f6nnen so verhindert oder fr\u00fchzeitig erkannt werden.<\/p><\/div>\n\t\t\t\t<\/div>\n\t\t\t\t\t\t\t<div class=\"elementor-toggle-item\">\n\t\t\t\t\t<div id=\"elementor-tab-title-1069\" class=\"elementor-tab-title\" data-tab=\"9\" role=\"button\" aria-controls=\"elementor-tab-content-1069\" aria-expanded=\"false\">\n\t\t\t\t\t\t\t\t\t\t\t\t<span class=\"elementor-toggle-icon elementor-toggle-icon-left\" aria-hidden=\"true\">\n\t\t\t\t\t\t\t\t\t\t\t\t\t\t\t<span class=\"elementor-toggle-icon-closed\"><i class=\"fas fa-caret-right\"><\/i><\/span>\n\t\t\t\t\t\t\t\t<span class=\"elementor-toggle-icon-opened\"><i class=\"elementor-toggle-icon-opened fas fa-caret-up\"><\/i><\/span>\n\t\t\t\t\t\t\t\t\t\t\t\t\t<\/span>\n\t\t\t\t\t\t\t\t\t\t\t\t<a class=\"elementor-toggle-title\" tabindex=\"0\">Operationen<\/a>\n\t\t\t\t\t<\/div>\n\n\t\t\t\t\t<div id=\"elementor-tab-content-1069\" class=\"elementor-tab-content elementor-clearfix\" data-tab=\"9\" role=\"region\" aria-labelledby=\"elementor-tab-title-1069\"><p><b>Ambulante Eingriffe<\/b> f\u00fchren wir im <a href=\"http:\/\/www.aoz-bs.de\/startseite.html\">Ambulanten Operationszentrum<\/a> in der Celler Stra\u00dfe und in der Klinik Schlosscarree durch. Hierzu z\u00e4hlen die Zertr\u00fcmmerung von Nieren- und Harnleitersteinen (<a href=\"http:\/\/www.schlosscarree.de\/urologie\/eswl\/\">ESWL &#8211; hier weitere Infos<\/a>) und als operativer Schwerpunkt die Sterilisation des Mannes (auch <a href=\"http:\/\/www.vasektomie-braunschweig.de\/\">Vasektomie &#8211; hier weitere Infos<\/a>). Bei \u00dcberaktivit\u00e4t des Blasenmuskels (z.B. bei M.Parkinson oder auch bei Multipler Sklerose) aber auch bei der weitverbreiteten \u00fcberaktiven Blase ohne neurologische Erkrankung ist die Gabe von Botox in den Blasenmuskel eine schonende Behandlungsm\u00f6glichkeit, die in lokaler Bet\u00e4ubung gut ambulant bei uns in \u00a0der Praxis durchgef\u00fchrt werden kann. (Leistung der Gesetzlichen Krankenversicherung!)<br \/>Ferner f\u00fchren wir nat\u00fcrlich auch andere Eingriffe am Hoden(Wasserbruch) oder die Beseitigung von Vorhautverengungen (Phimose) regelm\u00e4\u00dfig durch.<\/p><p><b>Station\u00e4re Behandlungen<\/b>\u00a0an der Prostata oder bei Blasentumor werden von uns in der Zuckerbergklinik durchgef\u00fchrt, alternativ ist bei Operationen am \u00e4u\u00dferen Genitale sowie bei einer Chemotherapie auch die Unterbringung auf der Bettenstation der Klinik Schlosscarree m\u00f6glich.<\/p><\/div>\n\t\t\t\t<\/div>\n\t\t\t\t\t\t\t<div class=\"elementor-toggle-item\">\n\t\t\t\t\t<div id=\"elementor-tab-title-10610\" class=\"elementor-tab-title\" data-tab=\"10\" role=\"button\" aria-controls=\"elementor-tab-content-10610\" aria-expanded=\"false\">\n\t\t\t\t\t\t\t\t\t\t\t\t<span class=\"elementor-toggle-icon elementor-toggle-icon-left\" aria-hidden=\"true\">\n\t\t\t\t\t\t\t\t\t\t\t\t\t\t\t<span class=\"elementor-toggle-icon-closed\"><i class=\"fas fa-caret-right\"><\/i><\/span>\n\t\t\t\t\t\t\t\t<span class=\"elementor-toggle-icon-opened\"><i class=\"elementor-toggle-icon-opened fas fa-caret-up\"><\/i><\/span>\n\t\t\t\t\t\t\t\t\t\t\t\t\t<\/span>\n\t\t\t\t\t\t\t\t\t\t\t\t<a class=\"elementor-toggle-title\" tabindex=\"0\">Kinderwunsch<\/a>\n\t\t\t\t\t<\/div>\n\n\t\t\t\t\t<div id=\"elementor-tab-content-10610\" class=\"elementor-tab-content elementor-clearfix\" data-tab=\"10\" role=\"region\" aria-labelledby=\"elementor-tab-title-10610\"><p>Die Untersuchung des Ejakulats in Hinblick auf Zahl, Beweglichkeit und Qualit\u00e4t der Spermien in Kombination mit einer Hormonuntersuchung sowie einer Ultraschalluntersuchung bieten wir ausschlie\u00dflich in unserer Praxis in Wolfenb\u00fcttel im Med51c als Selbstzahlerleistung an.<\/p><\/div>\n\t\t\t\t<\/div>\n\t\t\t\t\t\t\t\t<\/div>\n\t\t\t\t\t\t<\/div>\n\t\t\t\t<\/div>\n\t\t\t\t\t<\/div>\n\t\t<\/div>\n\t\t\t\t\t<\/div>\n\t\t<\/section>\n\t\t\t\t<section class=\"elementor-section elementor-top-section elementor-element elementor-element-4bf7d08 elementor-section-boxed elementor-section-height-default elementor-section-height-default\" data-id=\"4bf7d08\" data-element_type=\"section\" data-e-type=\"section\">\n\t\t\t\t\t\t<div class=\"elementor-container elementor-column-gap-default\">\n\t\t\t\t\t<div class=\"elementor-column elementor-col-100 elementor-top-column elementor-element elementor-element-5b51e50\" data-id=\"5b51e50\" data-element_type=\"column\" data-e-type=\"column\">\n\t\t\t<div class=\"elementor-widget-wrap\">\n\t\t\t\t\t\t\t<\/div>\n\t\t<\/div>\n\t\t\t\t\t<\/div>\n\t\t<\/section>\n\t\t\t\t<section class=\"elementor-section elementor-top-section elementor-element elementor-element-dfef0f0 elementor-section-boxed elementor-section-height-default elementor-section-height-default\" data-id=\"dfef0f0\" data-element_type=\"section\" data-e-type=\"section\">\n\t\t\t\t\t\t<div class=\"elementor-container elementor-column-gap-default\">\n\t\t\t\t\t<div class=\"elementor-column elementor-col-100 elementor-top-column elementor-element elementor-element-e3b7d44\" data-id=\"e3b7d44\" data-element_type=\"column\" data-e-type=\"column\">\n\t\t\t<div class=\"elementor-widget-wrap elementor-element-populated\">\n\t\t\t\t\t\t<div class=\"elementor-element elementor-element-801aaa2 elementor-widget elementor-widget-image-gallery\" data-id=\"801aaa2\" data-element_type=\"widget\" data-e-type=\"widget\" data-widget_type=\"image-gallery.default\">\n\t\t\t\t<div class=\"elementor-widget-container\">\n\t\t\t\t\t\t\t<div class=\"elementor-image-gallery\">\n\t\t\t<div id='gallery-1' class='gallery galleryid-10 gallery-columns-3 gallery-size-thumbnail'><figure class='gallery-item'>\n\t\t\t<div class='gallery-icon landscape'>\n\t\t\t\t<a data-elementor-open-lightbox=\"yes\" data-elementor-lightbox-slideshow=\"801aaa2\" data-elementor-lightbox-title=\"Petzhold im Labor\" data-elementor-lightbox-description=\"Frau Pethold im Labor bei der Arbeit \" data-e-action-hash=\"#elementor-action%3Aaction%3Dlightbox%26settings%3DeyJpZCI6Mzk2NCwidXJsIjoiaHR0cHM6XC9cL3d3dy5zY2hsb3NzY2FycmVlLmRlXC91cm9sb2dpZVwvd3AtY29udGVudFwvdXBsb2Fkc1wvMjAyNlwvMDNcL0lNR180NTUyLXNjYWxlZC5qcGVnIiwic2xpZGVzaG93IjoiODAxYWFhMiJ9\" href='https:\/\/www.schlosscarree.de\/urologie\/wp-content\/uploads\/2026\/03\/IMG_4552-scaled.jpeg'><img decoding=\"async\" width=\"150\" height=\"150\" src=\"https:\/\/www.schlosscarree.de\/urologie\/wp-content\/uploads\/2026\/03\/IMG_4552-150x150.jpeg\" class=\"attachment-thumbnail size-thumbnail\" alt=\"S.Petzhold \/ Labor\" \/><\/a>\n\t\t\t<\/div><\/figure><figure class='gallery-item'>\n\t\t\t<div class='gallery-icon portrait'>\n\t\t\t\t<a data-elementor-open-lightbox=\"yes\" data-elementor-lightbox-slideshow=\"801aaa2\" data-elementor-lightbox-title=\"Infusion\" data-elementor-lightbox-description=\"Frau Calean und Frau Klaffehn mit Infusion\" data-e-action-hash=\"#elementor-action%3Aaction%3Dlightbox%26settings%3DeyJpZCI6Mzk3NCwidXJsIjoiaHR0cHM6XC9cL3d3dy5zY2hsb3NzY2FycmVlLmRlXC91cm9sb2dpZVwvd3AtY29udGVudFwvdXBsb2Fkc1wvMjAyNlwvMDNcL0lNR184OTYwLXNjYWxlZC5qcGVnIiwic2xpZGVzaG93IjoiODAxYWFhMiJ9\" href='https:\/\/www.schlosscarree.de\/urologie\/wp-content\/uploads\/2026\/03\/IMG_8960-scaled.jpeg'><img loading=\"lazy\" decoding=\"async\" width=\"150\" height=\"150\" src=\"https:\/\/www.schlosscarree.de\/urologie\/wp-content\/uploads\/2026\/03\/IMG_8960-150x150.jpeg\" class=\"attachment-thumbnail size-thumbnail\" alt=\"Infusionstherapie\" \/><\/a>\n\t\t\t<\/div><\/figure><figure class='gallery-item'>\n\t\t\t<div class='gallery-icon landscape'>\n\t\t\t\t<a data-elementor-open-lightbox=\"yes\" data-elementor-lightbox-slideshow=\"801aaa2\" data-elementor-lightbox-title=\"Sono 2\" data-elementor-lightbox-description=\"Frau Dr. Pflanz-Lesker und Frau Glaser im Ultraschallraum\" data-e-action-hash=\"#elementor-action%3Aaction%3Dlightbox%26settings%3DeyJpZCI6Mzk3MywidXJsIjoiaHR0cHM6XC9cL3d3dy5zY2hsb3NzY2FycmVlLmRlXC91cm9sb2dpZVwvd3AtY29udGVudFwvdXBsb2Fkc1wvMjAyNlwvMDNcL0lNR180NjY3LXNjYWxlZC5qcGVnIiwic2xpZGVzaG93IjoiODAxYWFhMiJ9\" href='https:\/\/www.schlosscarree.de\/urologie\/wp-content\/uploads\/2026\/03\/IMG_4667-scaled.jpeg'><img loading=\"lazy\" decoding=\"async\" width=\"150\" height=\"150\" src=\"https:\/\/www.schlosscarree.de\/urologie\/wp-content\/uploads\/2026\/03\/IMG_4667-150x150.jpeg\" class=\"attachment-thumbnail size-thumbnail\" alt=\"\" \/><\/a>\n\t\t\t<\/div><\/figure>\n\t\t<\/div>\n\t\t<\/div>\n\t\t\t\t\t\t<\/div>\n\t\t\t\t<\/div>\n\t\t\t\t\t<\/div>\n\t\t<\/div>\n\t\t\t\t\t<\/div>\n\t\t<\/section>\n\t\t\t\t<\/div>\n\t\t","protected":false},"excerpt":{"rendered":"<p>Leistungen Als Fach\u00e4rzte mit langj\u00e4hriger Erfahrung in Klinik und Praxis bieten wir die gesamte Palette der urologischen Untersuchungen und Behandlungen an. Wir informieren Sie hier zu folgenden Themen: Onkologie Schwerpunkt unserer Praxis ist die Onkologie, also die Behandlung der b\u00f6sartigen Tumoren wie Nierenkrebs, Blasenkrebs, Prostatakrebs und Hodenkrebs. Onkologische Beratung Als onkologisch verantwortliche \u00c4rzte mit der [&hellip;]<\/p>\n","protected":false},"author":1,"featured_media":0,"parent":0,"menu_order":0,"comment_status":"closed","ping_status":"closed","template":"","meta":{"footnotes":""},"class_list":["post-10","page","type-page","status-publish","hentry"],"aioseo_notices":[],"_links":{"self":[{"href":"https:\/\/www.schlosscarree.de\/urologie\/wp-json\/wp\/v2\/pages\/10","targetHints":{"allow":["GET"]}}],"collection":[{"href":"https:\/\/www.schlosscarree.de\/urologie\/wp-json\/wp\/v2\/pages"}],"about":[{"href":"https:\/\/www.schlosscarree.de\/urologie\/wp-json\/wp\/v2\/types\/page"}],"author":[{"embeddable":true,"href":"https:\/\/www.schlosscarree.de\/urologie\/wp-json\/wp\/v2\/users\/1"}],"replies":[{"embeddable":true,"href":"https:\/\/www.schlosscarree.de\/urologie\/wp-json\/wp\/v2\/comments?post=10"}],"version-history":[{"count":43,"href":"https:\/\/www.schlosscarree.de\/urologie\/wp-json\/wp\/v2\/pages\/10\/revisions"}],"predecessor-version":[{"id":4047,"href":"https:\/\/www.schlosscarree.de\/urologie\/wp-json\/wp\/v2\/pages\/10\/revisions\/4047"}],"wp:attachment":[{"href":"https:\/\/www.schlosscarree.de\/urologie\/wp-json\/wp\/v2\/media?parent=10"}],"curies":[{"name":"wp","href":"https:\/\/api.w.org\/{rel}","templated":true}]}}