{"id":12,"date":"2016-07-08T11:40:41","date_gmt":"2016-07-08T09:40:41","guid":{"rendered":"http:\/\/www.schlosscarree.de\/urologie\/?page_id=12"},"modified":"2025-06-17T08:37:50","modified_gmt":"2025-06-17T06:37:50","slug":"studien","status":"publish","type":"page","link":"https:\/\/www.schlosscarree.de\/urologie\/studien\/","title":{"rendered":"Studien"},"content":{"rendered":"\t\t<div data-elementor-type=\"wp-page\" data-elementor-id=\"12\" class=\"elementor elementor-12\" data-elementor-post-type=\"page\">\n\t\t\t\t\t\t<section class=\"elementor-section elementor-top-section elementor-element elementor-element-a789dbc elementor-section-boxed elementor-section-height-default elementor-section-height-default\" data-id=\"a789dbc\" data-element_type=\"section\" data-e-type=\"section\">\n\t\t\t\t\t\t<div class=\"elementor-container elementor-column-gap-default\">\n\t\t\t\t\t<div class=\"elementor-column elementor-col-100 elementor-top-column elementor-element elementor-element-626c058\" data-id=\"626c058\" data-element_type=\"column\" data-e-type=\"column\">\n\t\t\t<div class=\"elementor-widget-wrap elementor-element-populated\">\n\t\t\t\t\t\t<div class=\"elementor-element elementor-element-474a606 elementor-widget elementor-widget-heading\" data-id=\"474a606\" data-element_type=\"widget\" data-e-type=\"widget\" data-widget_type=\"heading.default\">\n\t\t\t\t<div class=\"elementor-widget-container\">\n\t\t\t\t\t<h4 class=\"elementor-heading-title elementor-size-default\">Relevante Studien<\/h4>\t\t\t\t<\/div>\n\t\t\t\t<\/div>\n\t\t\t\t\t<\/div>\n\t\t<\/div>\n\t\t\t\t\t<\/div>\n\t\t<\/section>\n\t\t\t\t<section class=\"elementor-section elementor-top-section elementor-element elementor-element-6fecb13e elementor-section-boxed elementor-section-height-default elementor-section-height-default\" data-id=\"6fecb13e\" data-element_type=\"section\" data-e-type=\"section\">\n\t\t\t\t\t\t<div class=\"elementor-container elementor-column-gap-default\">\n\t\t\t\t\t<div class=\"elementor-column elementor-col-100 elementor-top-column elementor-element elementor-element-14378ba\" data-id=\"14378ba\" data-element_type=\"column\" data-e-type=\"column\">\n\t\t\t<div class=\"elementor-widget-wrap elementor-element-populated\">\n\t\t\t\t\t\t<section class=\"elementor-section elementor-inner-section elementor-element elementor-element-5111d31 elementor-section-boxed elementor-section-height-default elementor-section-height-default\" data-id=\"5111d31\" data-element_type=\"section\" data-e-type=\"section\">\n\t\t\t\t\t\t<div class=\"elementor-container elementor-column-gap-default\">\n\t\t\t\t\t<div class=\"elementor-column elementor-col-50 elementor-inner-column elementor-element elementor-element-52ae0dd\" data-id=\"52ae0dd\" data-element_type=\"column\" data-e-type=\"column\">\n\t\t\t<div class=\"elementor-widget-wrap elementor-element-populated\">\n\t\t\t\t\t\t<div class=\"elementor-element elementor-element-16ff68f3 elementor-widget elementor-widget-text-editor\" data-id=\"16ff68f3\" data-element_type=\"widget\" data-e-type=\"widget\" data-widget_type=\"text-editor.default\">\n\t\t\t\t<div class=\"elementor-widget-container\">\n\t\t\t\t\t\t\t\t\t<p>Die Medizin lebt von Neuerungen und Fortentwicklungen in allen Bereichen. Insbesondere die <b>Erforschung und Erprobung von Arzneimitteln<\/b> ist dabei ein wichtiges Aufgabengebiet. Dies wird im Rahmen von kontrollierten Studien durchgef\u00fchrt. Um solche Studien zu begleiten und aktiv daran teilzunehmen, haben Dr. Schreier und Dr. Junius Fortbildungen als Pr\u00fcf\u00e4rzte (good clinical practice) absolviert.<\/p>\n<p>Derzeit nehmen wir an folgenden Studien teil:<\/p>\n<p>AVENUE: Nicht-interventionelle Studie zur Sicherheit von Avelumab beim Urothelcarcinom<\/p>\n<p>TestoVer: fortgeschrittenes hormonnaives Prostatacarcinom\u00a0<\/p>\n<p>A<a href=\"https:\/\/uroforum.de\/arasafe-start-einer-randomisierten-phase-iii-studie-zur-kombination-aus-docetaxel-darolutamid-und-adt-beim-mhspc\/\" target=\"_blank\" rel=\"noopener\">RASAFE:\u00a0<\/a>Triple-Therapie (LHRH+Darolutamid+Docetaxel q3w vs. q2w) beim prim\u00e4r metastasierten Prostatacarcinom<\/p>\n<p><strong>Sollten Sie Interesse an der Teilnahme einer Studie haben, teilen Sie dies uns bitte mit.<\/strong><\/p>\n<p>F\u00fcr Fragen zu Studien und der Dokumentation wenden Sie sich bitte per <a href=\"mailto:junius@urologie-schlosscarree.de\">E-Mail<\/a> direkt an Dr. Junius oder an unsere Dokumentationsassitentin <a href=\"mailto: studien.urologie@schlosscarree.de\">Frau Hatic<\/a>.<\/p>\n<p>\u00a0<\/p>\n<p><\/p>\n<p><\/p>\t\t\t\t\t\t\t\t<\/div>\n\t\t\t\t<\/div>\n\t\t\t\t\t<\/div>\n\t\t<\/div>\n\t\t\t\t<div class=\"elementor-column elementor-col-50 elementor-inner-column elementor-element elementor-element-729d376\" data-id=\"729d376\" data-element_type=\"column\" data-e-type=\"column\">\n\t\t\t<div class=\"elementor-widget-wrap elementor-element-populated\">\n\t\t\t\t\t\t<div class=\"elementor-element elementor-element-58ab2a1 elementor-widget elementor-widget-text-editor\" data-id=\"58ab2a1\" data-element_type=\"widget\" data-e-type=\"widget\" data-widget_type=\"text-editor.default\">\n\t\t\t\t<div class=\"elementor-widget-container\">\n\t\t\t\t\t\t\t\t\t<p>Bereits in der Vergangenheit wurde aktiv an Studien teilgenommen. Hierzu geh\u00f6rten die<\/p>\n<ul>\n<li><b>PAU<\/b><b>SE-Studie<\/b> (Behandlung des vorzeitigen Samenergusses)<\/li>\n<li><b>REDUCE-Studie<\/b> (Pr\u00e4vention des Prostatacarcinoms)<\/li>\n<li><b>GRANU-Studie<\/b>\u00a0 (Behandlung der gutartigen Prostatavergr\u00f6\u00dferung)<\/li>\n<li><b>HAROW-Studie<\/b>\u00a0 (Versorgungsstudie Prostatakrebs).<\/li>\n<li><b>QuoLiTax<\/b> (Chemotherapie bei Prostatakrebs)<\/li>\n<li><b>PAMIS<\/b> (Phase II Studie Behandlung bei Prostatakrebs)<\/li>\n<li><b>RUDIS<\/b> (Phase III-Studie Impfung gegen Harnwegsentz\u00fcndungen)<\/li>\n<li><b>SWITCH-2<\/b> (Phase III-Studie zum Nierenkrebs)<\/li>\n<li><strong>IMPACT<\/strong> (Abiraterone bei Prostatacarcinom)<\/li>\n<li><strong>CS39 <\/strong>Nachzulassungsstudie Degarelix (Past Authorisation Safety Study)<\/li>\n<li><strong>HERO<\/strong> (Phase III Studie &#8211; Zulassungsstudie Degarelix bei Prostatakrebs)<\/li>\n<li><strong>REPHA<\/strong> (3-armige placebokontrollierte Studie bei Harnwegsinfektion)<\/li>\n<li><strong>NIMBUS<\/strong> (Phase III-Studie bei Blasenkrebs<\/li>\n<li><strong>CARAT:<\/strong> Registerstudie beim metastasierten Nierencarciom<\/li>\n<li><strong>MCMKO0220:<\/strong>\u00a0Phase III Studie, doppelblinde, randomisierte, kontrollierte klinische Studie zum Vergleich von D-Mannose mit Antibiotika bei der Behandlung akuter unkomplizierter Harnwegsinfektionen bei Frauen<\/li>\n<li>\n<p><a href=\"https:\/\/auo-online.de\/index.php?co=58&amp;studid=45\">PREVALENCE<\/a>: Biomarker Pr\u00fcfung zur Bestimmung der H\u00e4ufigkeit von DNA-Reperaturdefekten bei Prostatacarcinom<\/p>\n<p>\u00a0<\/p>\n<\/li>\n<\/ul>\n<p>Wichtig ist, dass nur Patienten nach Information, Aufkl\u00e4rung und schriftlicher Einverst\u00e4ndniserkl\u00e4rung in Studien eingebracht werden.\u00a0<\/p>\t\t\t\t\t\t\t\t<\/div>\n\t\t\t\t<\/div>\n\t\t\t\t\t<\/div>\n\t\t<\/div>\n\t\t\t\t\t<\/div>\n\t\t<\/section>\n\t\t\t\t\t<\/div>\n\t\t<\/div>\n\t\t\t\t\t<\/div>\n\t\t<\/section>\n\t\t\t\t<section class=\"elementor-section elementor-top-section elementor-element elementor-element-ed965f8 elementor-section-boxed elementor-section-height-default elementor-section-height-default\" data-id=\"ed965f8\" data-element_type=\"section\" data-e-type=\"section\">\n\t\t\t\t\t\t<div class=\"elementor-container elementor-column-gap-default\">\n\t\t\t\t\t<div class=\"elementor-column elementor-col-100 elementor-top-column elementor-element elementor-element-3428796\" data-id=\"3428796\" data-element_type=\"column\" data-e-type=\"column\">\n\t\t\t<div class=\"elementor-widget-wrap\">\n\t\t\t\t\t\t\t<\/div>\n\t\t<\/div>\n\t\t\t\t\t<\/div>\n\t\t<\/section>\n\t\t\t\t<\/div>\n\t\t","protected":false},"excerpt":{"rendered":"<p>Relevante Studien Die Medizin lebt von Neuerungen und Fortentwicklungen in allen Bereichen. Insbesondere die Erforschung und Erprobung von Arzneimitteln ist dabei ein wichtiges Aufgabengebiet. Dies wird im Rahmen von kontrollierten Studien durchgef\u00fchrt. Um solche Studien zu begleiten und aktiv daran teilzunehmen, haben Dr. Schreier und Dr. Junius Fortbildungen als Pr\u00fcf\u00e4rzte (good clinical practice) absolviert. Derzeit [&hellip;]<\/p>\n","protected":false},"author":2,"featured_media":0,"parent":0,"menu_order":0,"comment_status":"closed","ping_status":"closed","template":"","meta":{"footnotes":""},"class_list":["post-12","page","type-page","status-publish","hentry"],"aioseo_notices":[],"_links":{"self":[{"href":"https:\/\/www.schlosscarree.de\/urologie\/wp-json\/wp\/v2\/pages\/12","targetHints":{"allow":["GET"]}}],"collection":[{"href":"https:\/\/www.schlosscarree.de\/urologie\/wp-json\/wp\/v2\/pages"}],"about":[{"href":"https:\/\/www.schlosscarree.de\/urologie\/wp-json\/wp\/v2\/types\/page"}],"author":[{"embeddable":true,"href":"https:\/\/www.schlosscarree.de\/urologie\/wp-json\/wp\/v2\/users\/2"}],"replies":[{"embeddable":true,"href":"https:\/\/www.schlosscarree.de\/urologie\/wp-json\/wp\/v2\/comments?post=12"}],"version-history":[{"count":38,"href":"https:\/\/www.schlosscarree.de\/urologie\/wp-json\/wp\/v2\/pages\/12\/revisions"}],"predecessor-version":[{"id":3801,"href":"https:\/\/www.schlosscarree.de\/urologie\/wp-json\/wp\/v2\/pages\/12\/revisions\/3801"}],"wp:attachment":[{"href":"https:\/\/www.schlosscarree.de\/urologie\/wp-json\/wp\/v2\/media?parent=12"}],"curies":[{"name":"wp","href":"https:\/\/api.w.org\/{rel}","templated":true}]}}