{"id":124,"date":"2016-07-08T13:19:08","date_gmt":"2016-07-08T11:19:08","guid":{"rendered":"http:\/\/www.schlosscarree.de\/urologie\/?page_id=124"},"modified":"2025-06-16T14:20:08","modified_gmt":"2025-06-16T12:20:08","slug":"anfahrt","status":"publish","type":"page","link":"https:\/\/www.schlosscarree.de\/urologie\/anfahrt\/","title":{"rendered":"Anfahrt"},"content":{"rendered":"\t\t<div data-elementor-type=\"wp-page\" data-elementor-id=\"124\" class=\"elementor elementor-124\" data-elementor-post-type=\"page\">\n\t\t\t\t\t\t<section class=\"elementor-section elementor-top-section elementor-element elementor-element-1b0f31e elementor-section-boxed elementor-section-height-default elementor-section-height-default\" data-id=\"1b0f31e\" data-element_type=\"section\" data-e-type=\"section\">\n\t\t\t\t\t\t<div class=\"elementor-container elementor-column-gap-default\">\n\t\t\t\t\t<div class=\"elementor-column elementor-col-100 elementor-top-column elementor-element elementor-element-0f7dd45\" data-id=\"0f7dd45\" data-element_type=\"column\" data-e-type=\"column\">\n\t\t\t<div class=\"elementor-widget-wrap elementor-element-populated\">\n\t\t\t\t\t\t<div class=\"elementor-element elementor-element-1cd6665 elementor-widget elementor-widget-heading\" data-id=\"1cd6665\" data-element_type=\"widget\" data-e-type=\"widget\" data-widget_type=\"heading.default\">\n\t\t\t\t<div class=\"elementor-widget-container\">\n\t\t\t\t\t<h4 class=\"elementor-heading-title elementor-size-default\">Anfahrt<\/h4>\t\t\t\t<\/div>\n\t\t\t\t<\/div>\n\t\t\t\t\t<\/div>\n\t\t<\/div>\n\t\t\t\t\t<\/div>\n\t\t<\/section>\n\t\t\t\t<section class=\"elementor-section elementor-top-section elementor-element elementor-element-6bbb7154 elementor-section-boxed elementor-section-height-default elementor-section-height-default\" data-id=\"6bbb7154\" data-element_type=\"section\" data-e-type=\"section\">\n\t\t\t\t\t\t<div class=\"elementor-container elementor-column-gap-default\">\n\t\t\t\t\t<div class=\"elementor-column elementor-col-100 elementor-top-column elementor-element elementor-element-5adb9111\" data-id=\"5adb9111\" data-element_type=\"column\" data-e-type=\"column\">\n\t\t\t<div class=\"elementor-widget-wrap elementor-element-populated\">\n\t\t\t\t\t\t<div class=\"elementor-element elementor-element-22123888 elementor-widget elementor-widget-text-editor\" data-id=\"22123888\" data-element_type=\"widget\" data-e-type=\"widget\" data-widget_type=\"text-editor.default\">\n\t\t\t\t<div class=\"elementor-widget-container\">\n\t\t\t\t\t\t\t\t\t<p><b>zur Urologischen Gemeinschaftspraxis Schlosscarr\u00e9e Braunschweig:<\/b><\/p><p>Die Praxis befindet sich im Schlosscarree, einem mehrst\u00f6ckigen \u00c4rztehaus in der Innenstadt von Braunschweig zwischen den Stra\u00dfen Bohlweg und Ritterbrunnen.<\/p><p><b>Anfahrt mit dem Auto:<\/b> Egal aus welcher Richtung Sie kommen &#8211; folgen Sie der Ausschilderung &#8222;<b>Zentrum<\/b>&#8220; bzw. &#8222;<b>Schloss<\/b>&#8222;. Das Schlosscarr\u00e9e liegt direkt schr\u00e4g rechts gegen\u00fcber dem Schlo\u00df. Oder klicken Sie hier auf <a href=\"https:\/\/www.google.com\/maps\/search\/urologie+schlosscarree\/@52.2223606,10.4961671,13z\/data=!3m1!4b1\" target=\"_blank\" rel=\"noopener\">Google Maps<\/a>\u00a0und lassen sich leiten.<\/p><p><b>Parkpl\u00e4tze<\/b> finden Sie in der Tiefgarage des Schlosscarree. Bitte lassen Sie Ihren <b>Parkschein<\/b> bei uns abstempeln und in der Bohlweg-Apotheke entwerten, die erste Stunde Parken ist dann f\u00fcr Sie <b>kostenfrei<\/b>. Weitere Parkm\u00f6glichkeiten sind in den &#8222;Schloss-Arkaden&#8220; oder im Parkhaus Wilhelmstra\u00dfe.<\/p><p><b>Anfahrt mit Bus und Stra\u00dfenbahn:<\/b> Nehmen Sie bitte die <b>Haltestelle &#8222;Rathaus&#8220;<\/b>. Ein Eingang zum Schlosscarr\u00e9e befindet sich direkt an der Stra\u00dfenbahnhaltestelle. Eine Fahrplanauskunft finden Sie auf der Website der <a href=\"http:\/\/www.braunschweiger-verkehrs-ag.de\/index.php?PHPSESSID=464e57bd5c6a384fad5fa1950d025137&amp;pid=2&amp;upid=0&amp;uupid=0\" target=\"_blank\" rel=\"noopener\">Braunschweiger Verkehrs AG<\/a>.<\/p><p><b>F\u00fcr gehbehinderte Patienten<\/b> haben wir einen Rollstuhl f\u00fcr Wege im Schlosscarr\u00e9e in unserer Praxis.<\/p><p><strong>Zu unserer Au\u00dfenstelle in Wolfenb\u00fcttel:<img fetchpriority=\"high\" decoding=\"async\" class=\"wp-image-1558 alignright\" src=\"http:\/\/www.schlosscarree.de\/urologie\/wp-content\/uploads\/2021\/08\/NeuerWeg-51c-scaled.jpg\" alt=\"\" width=\"335\" height=\"251\" srcset=\"https:\/\/www.schlosscarree.de\/urologie\/wp-content\/uploads\/2021\/08\/NeuerWeg-51c-scaled.jpg 2560w, https:\/\/www.schlosscarree.de\/urologie\/wp-content\/uploads\/2021\/08\/NeuerWeg-51c-300x225.jpg 300w, https:\/\/www.schlosscarree.de\/urologie\/wp-content\/uploads\/2021\/08\/NeuerWeg-51c-1024x768.jpg 1024w, https:\/\/www.schlosscarree.de\/urologie\/wp-content\/uploads\/2021\/08\/NeuerWeg-51c-768x576.jpg 768w, https:\/\/www.schlosscarree.de\/urologie\/wp-content\/uploads\/2021\/08\/NeuerWeg-51c-1536x1152.jpg 1536w, https:\/\/www.schlosscarree.de\/urologie\/wp-content\/uploads\/2021\/08\/NeuerWeg-51c-2048x1536.jpg 2048w, https:\/\/www.schlosscarree.de\/urologie\/wp-content\/uploads\/2021\/08\/NeuerWeg-51c-285x214.jpg 285w\" sizes=\"(max-width: 335px) 100vw, 335px\" \/><\/strong><\/p><p>Anfahrt mit dem Auto: Aus Braunschweig kommend \u00fcber die Autobahn A395\/A36 Abfahrt WF-Nord, hinter dem Ortseingangsschild nach der ersten Ampelkreuzung ist die Einfahrt zum Med51 auf der rechten Seite.<\/p><p>Auch hier der Link direkt bei\u00a0<a href=\"https:\/\/www.google.com\/maps\/place\/Urologie+Schlosscarree+Zweigstelle+Wolfenb\u00fcttel\/@52.1801669,10.5329488,17z\/data=!3m1!4b1!4m5!3m4!1s0x47a55f32ed679757:0xad04452cad01943f!8m2!3d52.1801669!4d10.5351428\" target=\"_blank\" rel=\"noopener\">Google Maps<\/a>.<\/p><p><strong>Anfahrt mit Bus: \u00a0Linien 420 und 421\u00a0<\/strong>Haltestelle &#8222;Klinikum Wolfenb\u00fcttel&#8220;<\/p>\t\t\t\t\t\t\t\t<\/div>\n\t\t\t\t<\/div>\n\t\t\t\t\t<\/div>\n\t\t<\/div>\n\t\t\t\t\t<\/div>\n\t\t<\/section>\n\t\t\t\t<\/div>\n\t\t","protected":false},"excerpt":{"rendered":"<p>Anfahrt zur Urologischen Gemeinschaftspraxis Schlosscarr\u00e9e Braunschweig: Die Praxis befindet sich im Schlosscarree, einem mehrst\u00f6ckigen \u00c4rztehaus in der Innenstadt von Braunschweig zwischen den Stra\u00dfen Bohlweg und Ritterbrunnen. Anfahrt mit dem Auto: Egal aus welcher Richtung Sie kommen &#8211; folgen Sie der Ausschilderung &#8222;Zentrum&#8220; bzw. &#8222;Schloss&#8222;. Das Schlosscarr\u00e9e liegt direkt schr\u00e4g rechts gegen\u00fcber dem Schlo\u00df. Oder klicken [&hellip;]<\/p>\n","protected":false},"author":1,"featured_media":0,"parent":0,"menu_order":0,"comment_status":"closed","ping_status":"closed","template":"","meta":{"footnotes":""},"class_list":["post-124","page","type-page","status-publish","hentry"],"aioseo_notices":[],"_links":{"self":[{"href":"https:\/\/www.schlosscarree.de\/urologie\/wp-json\/wp\/v2\/pages\/124","targetHints":{"allow":["GET"]}}],"collection":[{"href":"https:\/\/www.schlosscarree.de\/urologie\/wp-json\/wp\/v2\/pages"}],"about":[{"href":"https:\/\/www.schlosscarree.de\/urologie\/wp-json\/wp\/v2\/types\/page"}],"author":[{"embeddable":true,"href":"https:\/\/www.schlosscarree.de\/urologie\/wp-json\/wp\/v2\/users\/1"}],"replies":[{"embeddable":true,"href":"https:\/\/www.schlosscarree.de\/urologie\/wp-json\/wp\/v2\/comments?post=124"}],"version-history":[{"count":26,"href":"https:\/\/www.schlosscarree.de\/urologie\/wp-json\/wp\/v2\/pages\/124\/revisions"}],"predecessor-version":[{"id":3778,"href":"https:\/\/www.schlosscarree.de\/urologie\/wp-json\/wp\/v2\/pages\/124\/revisions\/3778"}],"wp:attachment":[{"href":"https:\/\/www.schlosscarree.de\/urologie\/wp-json\/wp\/v2\/media?parent=124"}],"curies":[{"name":"wp","href":"https:\/\/api.w.org\/{rel}","templated":true}]}}