{"id":141,"date":"2016-07-08T14:05:52","date_gmt":"2016-07-08T12:05:52","guid":{"rendered":"http:\/\/www.schlosscarree.de\/urologie\/?page_id=141"},"modified":"2025-09-11T17:36:29","modified_gmt":"2025-09-11T15:36:29","slug":"hinweise-fuer-nutzer","status":"publish","type":"page","link":"https:\/\/www.schlosscarree.de\/urologie\/hinweise-fuer-nutzer\/","title":{"rendered":"Hinweise f\u00fcr Nutzer"},"content":{"rendered":"<p>Auf dieser Seite m\u00f6chten wir erkl\u00e4ren, was Sie &#8211; als Besucher unserer Website &#8211; von uns erwarten k\u00f6nnen.\u00a0Wir freuen uns, da\u00df Sie sich f\u00fcr unsere Praxis und die von uns angebotenen medizinischen Leistungen interessieren. Wir m\u00fcssen jedoch auch darauf hinweisen, da\u00df die \u00e4rztliche Berufsordnung die individuelle Beratung von Patienten untersagt, die dem Arzt nicht pers\u00f6nlich bekannt sind. Wenn Sie also eine Beratung w\u00fcnschen, empfehlen wir Ihnen, einen Termin zu vereinbaren bzw. unsere Sprechstunde aufzusuchen.<\/p>\n<p>Unsere Internetseiten enthalten nur seri\u00f6se und fachlich gepr\u00fcfte Informationen. Unsere Homepage wird st\u00e4ndig aktualisiert und ist frei vom Einfluss irgendwelcher Sponsoren und frei von jeglicher Beeinflussung von Seiten Dritter. Wir erhalten keine Zuwendungen f\u00fcr die Nennung von Produkten oder Verfahren, und es gibt keine Absprachen mit den genannten Kliniken f\u00fcr Zuweisungen von Patienten (sogenannte &#8222;Kopfgeldpr\u00e4mien&#8220;).<\/p>\n<p>Die Navigation in unserem Angebot ist so gestaltet, dass die gew\u00fcnschten Informationen schnell und m\u00fchelos aufgefunden werden k\u00f6nnen. Alle Anfragen, die uns erreichen, werden vertraulich behandelt und in der Regel innerhalb von 36 Stunden (an Werktagen) von den jeweils zust\u00e4ndigen Fachleuten beantwortet.<\/p>\n<p>Der Datenschutz ist auf unserer Website im weitm\u00f6glichen Umfang gew\u00e4hrleistet. Wenn Sie unsere Homepage besuchen, bleiben Sie anonym. Es werden lediglich zu statistischen Zwecken der Name Ihres Internet Service Providers, die Adresse der Website, von der aus Sie zu uns gekommen sind und die Seiten, die besucht werden, protokolliert. Diese Informationen werden nicht an Dritte weitergegeben. Wenn Sie unser <a href=\"http:\/\/www.schlosscarree.de\/urologie\/kontakt\/\">Kontaktformular<\/a> benutzen, werden die dort von Ihnen eingegebenen Informationen in Form einer E-Mail ungesch\u00fctzt \u00fcbermittelt und k\u00f6nnten theoretisch von Dritten eingesehen werden. Eine Garantie f\u00fcr die Vertraulichkeit dieser Daten\u00fcbermittlung k\u00f6nnen wir leider nicht \u00fcbernehmen. Die pers\u00f6nlichen Daten, die in dem Formular abgefragt werden, werden von uns ausschlie\u00dflich dazu genutzt, um die angeforderte Leistung zu erbringen; es erfolgt keine Weitergabe an Dritte.<\/p>\n<p>Aus Gr\u00fcnden des Datenschutz erfolgt durch unsere Praxis kein Befundversand per Email. Weder an Sie noch an andere \u00c4rzte oder Kliniken und schon gar nicht an Krankenkassen oder Versicherungsgesellschaften.<\/p>\n<p>Unsere Seite wurde mit WordPress aufgesetzt. hier einige Hinweise:<\/p>\n<p>Die Adresse unserer Website ist: http:\/\/www.schlosscarree.de\/urologie.<\/p>\n<p>Wenn Besucher Kommentare auf der Website schreiben, sammeln wir die Daten, die im Kommentar-Formular angezeigt werden, au\u00dferdem die IP-Adresse des Besuchers und den User-Agent-String (damit wird der Browser identifiziert), um die Erkennung von Spam zu unterst\u00fctzen.<\/p>\n<p>Aus deiner E-Mail-Adresse kann eine anonymisierte Zeichenfolge erstellt (auch Hash genannt) und dem Gravatar-Dienst \u00fcbergeben werden, um zu pr\u00fcfen, ob du diesen benutzt. Die Datenschutzerkl\u00e4rung des Gravatar-Dienstes findest du hier: https:\/\/automattic.com\/privacy\/. Nachdem dein Kommentar freigegeben wurde, ist dein Profilbild \u00f6ffentlich im Kontext deines Kommentars sichtbar.<\/p>\n<p>Wenn du einen Kommentar auf unserer Website schreibst, kann das eine Einwilligung sein, deinen Namen, E-Mail-Adresse und Website in Cookies zu speichern. Dies ist eine Komfortfunktion, damit du nicht, wenn du einen weiteren Kommentar schreibst, all diese Daten erneut eingeben musst. Diese Cookies werden ein Jahr lang gespeichert.<\/p>\n<p>Falls du ein Konto hast und dich auf dieser Website anmeldest, werden wir ein tempor\u00e4res Cookie setzen, um festzustellen, ob dein Browser Cookies akzeptiert. Dieses Cookie enth\u00e4lt keine personenbezogenen Daten und wird verworfen, wenn du deinen Browser schlie\u00dft.<\/p>\n<p>Wenn du dich anmeldest, werden wir einige Cookies einrichten, um deine Anmeldeinformationen und Anzeigeoptionen zu speichern. Anmelde-Cookies verfallen nach zwei Tagen und Cookies f\u00fcr die Anzeigeoptionen nach einem Jahr. Falls du bei der Anmeldung \u201eAngemeldet bleiben\u201c ausw\u00e4hlst, wird deine Anmeldung zwei Wochen lang aufrechterhalten. Mit der Abmeldung aus deinem Konto werden die Anmelde-Cookies gel\u00f6scht.<\/p>\n<p>Wenn du einen Artikel bearbeitest oder ver\u00f6ffentlichst, wird ein zus\u00e4tzlicher Cookie in deinem Browser gespeichert. Dieser Cookie enth\u00e4lt keine personenbezogenen Daten und verweist nur auf die Beitrags-ID des Artikels, den du gerade bearbeitet hast. Der Cookie verf\u00e4llt nach einem Tag.<\/p>\n<p>Beitr\u00e4ge auf dieser Website k\u00f6nnen eingebettete Inhalte beinhalten (z.\u00a0B. Videos, Bilder, Beitr\u00e4ge etc.). Eingebettete Inhalte von anderen Websites verhalten sich exakt so, als ob der Besucher die andere Website besucht h\u00e4tte.<\/p>\n<p>Diese Websites k\u00f6nnen Daten \u00fcber dich sammeln, Cookies benutzen, zus\u00e4tzliche Tracking-Dienste von Dritten einbetten und deine Interaktion mit diesem eingebetteten Inhalt aufzeichnen, inklusive deiner Interaktion mit dem eingebetteten Inhalt, falls du ein Konto hast und auf dieser Website angemeldet bist.<\/p>\n<p>Wenn du einen Kommentar schreibst, wird dieser inklusive Metadaten zeitlich unbegrenzt gespeichert. Auf diese Art k\u00f6nnen wir Folgekommentare automatisch erkennen und freigeben, anstelle sie in einer Moderations-Warteschlange festzuhalten.<\/p>\n<p>F\u00fcr Benutzer, die sich auf unserer Website registrieren, speichern wir zus\u00e4tzlich die pers\u00f6nlichen Informationen, die sie in ihren Benutzerprofilen angeben. Alle Benutzer k\u00f6nnen jederzeit ihre pers\u00f6nlichen Informationen einsehen, ver\u00e4ndern oder l\u00f6schen (der Benutzername kann nicht ver\u00e4ndert werden). Administratoren der Website k\u00f6nnen diese Informationen ebenfalls einsehen und ver\u00e4ndern.<\/p>\n<p>Besucher-Kommentare k\u00f6nnten von einem automatisierten Dienst zur Spam-Erkennung untersucht werden.<\/p>\n<p>Anti-Spam Service:\u00a0Wir sammeln Informationen \u00fcber Besucher, die Kommentare auf Websites, die unseren Akismet Anti-Spam Service benutzen, hinterlassen. Das Ausma\u00df an Informationen, die wir sammeln, h\u00e4ngt davon ab, wie der Benutzer seine Website eingestellt hat. Normalerweise beinhalten diese Daten die IP-Adresse des Benutzers, den User Agent, Referrer und Website-URL (sowie die Informationen, die der Benutzer direkt eingegeben hat wie z.B. Namen, Benutzernamen, E-Mail-Adresse und den Kommentar selbst).<\/p>\n<p>Weitergehende Hinweise zum Datenschutz finden Sie <a href=\"https:\/\/www.schlosscarree.de\/urologie\/wp-content\/uploads\/2025\/09\/Praxisinformation_Datenschutz_Patienteninformation_Muster.pdf\">hier<\/a>.<\/p>\n<p>Zu Informationen, die die Nutzung des Kartenmaterials auf unserer Seite von google betrifft, k\u00f6nnen Sie sich bitte <a href=\"https:\/\/policies.google.com\/privacy?hl=de&amp;gl=de\">hier<\/a> weiter informieren. Bei weitergehenden Fragen stehen wir Ihnen aber auch gerne zur Verf\u00fcgung.<\/p>\n","protected":false},"excerpt":{"rendered":"<p>Auf dieser Seite m\u00f6chten wir erkl\u00e4ren, was Sie &#8211; als Besucher unserer Website &#8211; von uns erwarten k\u00f6nnen.\u00a0Wir freuen uns, da\u00df Sie sich f\u00fcr unsere Praxis und die von uns angebotenen medizinischen Leistungen interessieren. Wir m\u00fcssen jedoch auch darauf hinweisen, da\u00df die \u00e4rztliche Berufsordnung die individuelle Beratung von Patienten untersagt, die dem Arzt nicht pers\u00f6nlich [&hellip;]<\/p>\n","protected":false},"author":1,"featured_media":0,"parent":0,"menu_order":0,"comment_status":"closed","ping_status":"closed","template":"","meta":{"footnotes":""},"class_list":["post-141","page","type-page","status-publish","hentry"],"aioseo_notices":[],"_links":{"self":[{"href":"https:\/\/www.schlosscarree.de\/urologie\/wp-json\/wp\/v2\/pages\/141","targetHints":{"allow":["GET"]}}],"collection":[{"href":"https:\/\/www.schlosscarree.de\/urologie\/wp-json\/wp\/v2\/pages"}],"about":[{"href":"https:\/\/www.schlosscarree.de\/urologie\/wp-json\/wp\/v2\/types\/page"}],"author":[{"embeddable":true,"href":"https:\/\/www.schlosscarree.de\/urologie\/wp-json\/wp\/v2\/users\/1"}],"replies":[{"embeddable":true,"href":"https:\/\/www.schlosscarree.de\/urologie\/wp-json\/wp\/v2\/comments?post=141"}],"version-history":[{"count":11,"href":"https:\/\/www.schlosscarree.de\/urologie\/wp-json\/wp\/v2\/pages\/141\/revisions"}],"predecessor-version":[{"id":3876,"href":"https:\/\/www.schlosscarree.de\/urologie\/wp-json\/wp\/v2\/pages\/141\/revisions\/3876"}],"wp:attachment":[{"href":"https:\/\/www.schlosscarree.de\/urologie\/wp-json\/wp\/v2\/media?parent=141"}],"curies":[{"name":"wp","href":"https:\/\/api.w.org\/{rel}","templated":true}]}}