{"id":26,"date":"2016-07-08T11:42:18","date_gmt":"2016-07-08T09:42:18","guid":{"rendered":"http:\/\/www.schlosscarree.de\/urologie\/?page_id=26"},"modified":"2018-06-27T23:41:28","modified_gmt":"2018-06-27T21:41:28","slug":"links","status":"publish","type":"page","link":"https:\/\/www.schlosscarree.de\/urologie\/links\/","title":{"rendered":"Links"},"content":{"rendered":"<h6><a href=\"http:\/\/www.schlosscarree.com\/ueber\/home\/\"><img decoding=\"async\" class=\"size-full wp-image-151 alignleft\" src=\"http:\/\/www.schlosscarree.de\/urologie\/wp-content\/uploads\/2016\/07\/urologie-links.jpg\" alt=\"urologie-links\" width=\"270\" height=\"180\" \/><\/a><\/h6>\n<h6>Hier finden Sie den Weg zu den Kliniken in der Umgebung:<\/h6>\n<p><a href=\"http:\/\/www.klinikum.wolfsburg.de\/kliniken\/urologie\/\" target=\"_blank\" rel=\"noopener\"><u><span style=\"color: #0066cc;\">Urologische Klinik Wolfsburg<\/span><\/u><\/a><\/p>\n<p><a href=\"http:\/\/www.klinikum-braunschweig.de\/850.0.html\" target=\"_blank\" rel=\"noopener\"><u><span style=\"color: #0066cc;\">Urologische Klinik Braunschweig<\/span><\/u><\/a><u><\/u><\/p>\n<p><a href=\"http:\/\/www.helios-kliniken.de\/klinik\/salzgitter\/fachabteilungen\/urologische-klinik.html\">Urologie Salzgitter<\/a><\/p>\n<h6>Fachliche Informationen<\/h6>\n<p><a href=\"http:\/\/www.vasektomie-experten.de\/\" target=\"_blank\" rel=\"noopener\"><u><span style=\"color: #0066cc;\">Infos rund um die Sterilisation \/ Vasektomie<\/span><\/u><\/a><\/p>\n<p>Patientenbrosch\u00fcren der Deutschen Gesellschaft f\u00fcr Urologie u.a. zu den Themen:<br \/>\n<a href=\"http:\/\/www.urologenportal.de\/patienten\/patienteninfo\/patientenbroschueren.html?_ga=1.226581725.1999371013.1489472934\" target=\"_blank\" rel=\"noopener\">PSA-Test, Prostataerkrankungen, Hodenhochstand, Harnsteinleiden, Harninkontinenz und n\u00e4chtliches Einn\u00e4ssen<\/a><\/p>\n<p>Patienteninformation zum Thema <a href=\"http:\/\/www.patienten-information.de\/mdb\/downloads\/kip\/krebs\/nierenkrebs-kip.pdf\">Nierenkrebs<\/a><\/p>\n<p><a href=\"http:\/\/www.urologie-fuer-alle.de\" target=\"_blank\" rel=\"noopener\">Urologie-f\u00fcr alle<\/a> Informationskampagne der Fachgesellschaften f\u00fcr Urologie<\/p>\n<p><a href=\"https:\/\/www.wege-zur-pflege.de\/start.html\">wege-zur-pflege.de<\/a> \u00a0Informationsseite f\u00fcr Angeh\u00f6rige mit Hilfen zu Pflege und finanzieller Unterst\u00fctzungen. Seite des Bundesministeriums f\u00fcr Familie, Senioren, Frauen und Jugend<\/p>\n<h6>Selbsthilfegruppen:<\/h6>\n<p><a href=\"http:\/\/www.prostatakrebs-shg-bs.de\" target=\"_blank\" rel=\"noopener\"><u><span style=\"color: #0066cc;\">Selbsthilfegruppe Prostatakrebs Braunschweig<\/span><\/u><\/a><\/p>\n<p><a href=\"http:\/\/www.forum-blasenkrebs.net\" target=\"_blank\" rel=\"noopener\"><u><span style=\"color: #0066cc;\">Forum-Blasenkrebs.net (Online-Selbsthilfegruppe)<\/span><\/u><\/a><\/p>\n<h6>Weitere Seiten:<\/h6>\n<p><a href=\"http:\/\/www.aekn.de\/\" target=\"_blank\" rel=\"noopener\">\u00c4rztekammer Niedersachsen<\/a><\/p>\n<p><a href=\"http:\/\/www.kvn.de\/\" target=\"_blank\" rel=\"noopener\">Kassen\u00e4rztliche Vereinigung Niedersachsen<\/a><\/p>\n<p><a href=\"http:\/\/www.uroweb.org\/\" target=\"_blank\" rel=\"noopener\">Europ\u00e4ische Urologenvereinigung<\/a><\/p>\n<p><a href=\"http:\/\/www.ippnw.de\/\" target=\"_blank\" rel=\"noopener\">IPPNW<\/a>\u00a0(\u00c4rzte gegen den Atomkrieg, \u00c4rzte in sozialer Verantwortung e.V.)<\/p>\n<p>&nbsp;<\/p>\n","protected":false},"excerpt":{"rendered":"<p>Hier finden Sie den Weg zu den Kliniken in der Umgebung: Urologische Klinik Wolfsburg Urologische Klinik Braunschweig Urologie Salzgitter Fachliche Informationen Infos rund um die Sterilisation \/ Vasektomie Patientenbrosch\u00fcren der Deutschen Gesellschaft f\u00fcr Urologie u.a. zu den Themen: PSA-Test, Prostataerkrankungen, Hodenhochstand, Harnsteinleiden, Harninkontinenz und n\u00e4chtliches Einn\u00e4ssen Patienteninformation zum Thema Nierenkrebs Urologie-f\u00fcr alle Informationskampagne der Fachgesellschaften [&hellip;]<\/p>\n","protected":false},"author":1,"featured_media":0,"parent":0,"menu_order":0,"comment_status":"closed","ping_status":"closed","template":"","meta":{"footnotes":""},"class_list":["post-26","page","type-page","status-publish","hentry"],"aioseo_notices":[],"_links":{"self":[{"href":"https:\/\/www.schlosscarree.de\/urologie\/wp-json\/wp\/v2\/pages\/26","targetHints":{"allow":["GET"]}}],"collection":[{"href":"https:\/\/www.schlosscarree.de\/urologie\/wp-json\/wp\/v2\/pages"}],"about":[{"href":"https:\/\/www.schlosscarree.de\/urologie\/wp-json\/wp\/v2\/types\/page"}],"author":[{"embeddable":true,"href":"https:\/\/www.schlosscarree.de\/urologie\/wp-json\/wp\/v2\/users\/1"}],"replies":[{"embeddable":true,"href":"https:\/\/www.schlosscarree.de\/urologie\/wp-json\/wp\/v2\/comments?post=26"}],"version-history":[{"count":10,"href":"https:\/\/www.schlosscarree.de\/urologie\/wp-json\/wp\/v2\/pages\/26\/revisions"}],"predecessor-version":[{"id":744,"href":"https:\/\/www.schlosscarree.de\/urologie\/wp-json\/wp\/v2\/pages\/26\/revisions\/744"}],"wp:attachment":[{"href":"https:\/\/www.schlosscarree.de\/urologie\/wp-json\/wp\/v2\/media?parent=26"}],"curies":[{"name":"wp","href":"https:\/\/api.w.org\/{rel}","templated":true}]}}