{"id":28,"date":"2016-07-08T11:42:36","date_gmt":"2016-07-08T09:42:36","guid":{"rendered":"http:\/\/www.schlosscarree.de\/urologie\/?page_id=28"},"modified":"2024-08-11T22:43:00","modified_gmt":"2024-08-11T20:43:00","slug":"impressum","status":"publish","type":"page","link":"https:\/\/www.schlosscarree.de\/urologie\/impressum\/","title":{"rendered":"Impressum"},"content":{"rendered":"<p>Anbieterkennzeichnung nach \u00a7 5 TMG<\/p>\n<p>Praxisanschrift:<\/p>\n<p>Urologie im Schlosscarree<br \/>\nRitterbrunnen 7<br \/>\nD- 38100 Braunschweig<\/p>\n<p>Kontakt:<\/p>\n<p>Telefon: 0531-702 40 20<br \/>\nFax-Nr.: 0531- 702 40 268<br \/>\nAnfragen: Kontaktformular<\/p>\n<p>E-Mail: urologie@schlosscarree.de<\/p>\n<p>E-Mail-Antwort i.d.R. innerhalb 36 Stunden (an Werktagen)<\/p>\n<p>Tr\u00e4ger der Gemeinschaftspraxis:<\/p>\n<p>\u2022Dr. med. Holger Schreier, Arzt (Facharzt f\u00fcr Urologie, Zusatz-Weiterbildungen: Andrologie und fachgebundene Medikament\u00f6se Tumortherapie)<br \/>\n\u2022Dr. med. Sandra Pflanz-Lesker, \u00c4rztin (Fach\u00e4rztin f\u00fcr Urologie, Zusatz-Weiterbildung: fachgebundene Medikament\u00f6se Tumortherapie)<br \/>\n\u2022Dr. med. Harald Junius, Arzt (Facharzt f\u00fcr Urologie, Zusatz-Weiterbildungen: fachgebundene Ern\u00e4hrungsmedizin, R\u00f6ntgendiagnostik und Medikament\u00f6se Tumortherapie, Palliativmedizin)<\/p>\n<p>Die Approbationen wurden erteilt in: Deutschland<br \/>\nZust\u00e4ndige Kammer: <a href=\"http:\/\/www.aekn.de\">\u00c4rztekammer Niedersachsen<\/a><br \/>\nBerufsrechtliche Regelung: <a href=\"https:\/\/www.aekn.de\/assets\/Uploads\/BO27112012.pdf\">Berufsordnung der \u00c4rztekammer Niedersachsen<\/a><br \/>\nZust\u00e4ndige Kassen\u00e4rztliche Vereinigung: <a href=\"http:\/\/www.kvn.de\">Kassen\u00e4rztliche Vereinigung Niedersachsen<\/a><\/p>\n","protected":false},"excerpt":{"rendered":"<p>Anbieterkennzeichnung nach \u00a7 5 TMG Praxisanschrift: Urologie im Schlosscarree Ritterbrunnen 7 D- 38100 Braunschweig Kontakt: Telefon: 0531-702 40 20 Fax-Nr.: 0531- 702 40 268 Anfragen: Kontaktformular E-Mail: urologie@schlosscarree.de E-Mail-Antwort i.d.R. innerhalb 36 Stunden (an Werktagen) Tr\u00e4ger der Gemeinschaftspraxis: \u2022Dr. med. Holger Schreier, Arzt (Facharzt f\u00fcr Urologie, Zusatz-Weiterbildungen: Andrologie und fachgebundene Medikament\u00f6se Tumortherapie) \u2022Dr. med. Sandra [&hellip;]<\/p>\n","protected":false},"author":1,"featured_media":0,"parent":0,"menu_order":0,"comment_status":"closed","ping_status":"closed","template":"","meta":{"footnotes":""},"class_list":["post-28","page","type-page","status-publish","hentry"],"aioseo_notices":[],"_links":{"self":[{"href":"https:\/\/www.schlosscarree.de\/urologie\/wp-json\/wp\/v2\/pages\/28","targetHints":{"allow":["GET"]}}],"collection":[{"href":"https:\/\/www.schlosscarree.de\/urologie\/wp-json\/wp\/v2\/pages"}],"about":[{"href":"https:\/\/www.schlosscarree.de\/urologie\/wp-json\/wp\/v2\/types\/page"}],"author":[{"embeddable":true,"href":"https:\/\/www.schlosscarree.de\/urologie\/wp-json\/wp\/v2\/users\/1"}],"replies":[{"embeddable":true,"href":"https:\/\/www.schlosscarree.de\/urologie\/wp-json\/wp\/v2\/comments?post=28"}],"version-history":[{"count":7,"href":"https:\/\/www.schlosscarree.de\/urologie\/wp-json\/wp\/v2\/pages\/28\/revisions"}],"predecessor-version":[{"id":3077,"href":"https:\/\/www.schlosscarree.de\/urologie\/wp-json\/wp\/v2\/pages\/28\/revisions\/3077"}],"wp:attachment":[{"href":"https:\/\/www.schlosscarree.de\/urologie\/wp-json\/wp\/v2\/media?parent=28"}],"curies":[{"name":"wp","href":"https:\/\/api.w.org\/{rel}","templated":true}]}}