{"id":280,"date":"2016-09-01T00:15:29","date_gmt":"2016-08-31T22:15:29","guid":{"rendered":"http:\/\/www.schlosscarree.de\/urologie\/?page_id=280"},"modified":"2025-06-16T13:12:04","modified_gmt":"2025-06-16T11:12:04","slug":"service-2","status":"publish","type":"page","link":"https:\/\/www.schlosscarree.de\/urologie\/service-2\/","title":{"rendered":"Telefonr\u00fcckruf \/ Rezeptbestellung"},"content":{"rendered":"\t\t<div data-elementor-type=\"wp-page\" data-elementor-id=\"280\" class=\"elementor elementor-280\" data-elementor-post-type=\"page\">\n\t\t\t\t\t\t<section class=\"elementor-section elementor-top-section elementor-element elementor-element-bcc686c elementor-section-boxed elementor-section-height-default elementor-section-height-default\" data-id=\"bcc686c\" data-element_type=\"section\" data-e-type=\"section\">\n\t\t\t\t\t\t<div class=\"elementor-container elementor-column-gap-default\">\n\t\t\t\t\t<div class=\"elementor-column elementor-col-100 elementor-top-column elementor-element elementor-element-a9f3afa\" data-id=\"a9f3afa\" data-element_type=\"column\" data-e-type=\"column\">\n\t\t\t<div class=\"elementor-widget-wrap elementor-element-populated\">\n\t\t\t\t\t\t<div class=\"elementor-element elementor-element-45836c5 elementor-widget elementor-widget-heading\" data-id=\"45836c5\" data-element_type=\"widget\" data-e-type=\"widget\" data-widget_type=\"heading.default\">\n\t\t\t\t<div class=\"elementor-widget-container\">\n\t\t\t\t\t<h4 class=\"elementor-heading-title elementor-size-default\">Telefonkontakt\/R\u00fcckruf<\/h4>\t\t\t\t<\/div>\n\t\t\t\t<\/div>\n\t\t\t\t\t<\/div>\n\t\t<\/div>\n\t\t\t\t\t<\/div>\n\t\t<\/section>\n\t\t\t\t<section class=\"elementor-section elementor-top-section elementor-element elementor-element-2f0ec9e6 elementor-section-boxed elementor-section-height-default elementor-section-height-default\" data-id=\"2f0ec9e6\" data-element_type=\"section\" data-e-type=\"section\">\n\t\t\t\t\t\t<div class=\"elementor-container elementor-column-gap-default\">\n\t\t\t\t\t<div class=\"elementor-column elementor-col-100 elementor-top-column elementor-element elementor-element-451003d0\" data-id=\"451003d0\" data-element_type=\"column\" data-e-type=\"column\">\n\t\t\t<div class=\"elementor-widget-wrap elementor-element-populated\">\n\t\t\t\t\t\t<div class=\"elementor-element elementor-element-710dc28e elementor-widget elementor-widget-text-editor\" data-id=\"710dc28e\" data-element_type=\"widget\" data-e-type=\"widget\" data-widget_type=\"text-editor.default\">\n\t\t\t\t<div class=\"elementor-widget-container\">\n\t\t\t\t\t\t\t\t\t<p>Wir freuen uns, da\u00df Sie unseren online-Service in Anspruch nehmen.\u00a0Unsere Mitarbeiterinnen rufen Sie gerne zur\u00fcck, um Ihr Anliegen zu kl\u00e4ren.<\/p><p>Telefonische Beratungen f\u00fchren wir nicht durch. Dr. Junius bietet eine Videosprechstunde f\u00fcr seine Bestandspatienten an. Termine k\u00f6nnen Sie gerne online buchen. Beachten Sie aber, da\u00df hierf\u00fcr die Krankenkasse im aktuellen Quartal bereits vorgelegt haben muss oder die Beratung als Selbstzahlerleistung abgerechnet wird.<\/p><p>F\u00fcr Terminvereinbarungen nutzen Sie bitte das entsprechende Formular.<\/p><p>Rezeptw\u00fcnsche k\u00f6nnen nur dann erf\u00fcllt werden, wenn Ihre Krankenkassenkarte in dem aktuellen Quartal bereits bei uns einlesen wurde! Das Rezept kann dann erstellt werden und wird auf dem Server der Telematik abgespeichert, so dass Sie das Rezept direkt in der Apotheke einl\u00f6sen k\u00f6nnen. Ben\u00f6tigen Sie einen Ausdruck (z.B. f\u00fcr eine Internetapotheke) m\u00fcssen Sie bei uns in der Praxis vorbeikommen, ein Versand kann leider nicht erfolgen. Auch untersagt das Apothekengesetz einen Versand an eine Apotheke Ihrer Wahl. (leider)<\/p>\n<div class=\"wpcf7 no-js\" id=\"wpcf7-f285-o1\" lang=\"de-DE\" dir=\"ltr\" data-wpcf7-id=\"285\">\n<div class=\"screen-reader-response\"><p role=\"status\" aria-live=\"polite\" aria-atomic=\"true\"><\/p> <ul><\/ul><\/div>\n<form action=\"\/urologie\/wp-json\/wp\/v2\/pages\/280#wpcf7-f285-o1\" method=\"post\" class=\"wpcf7-form init\" aria-label=\"Kontaktformular\" enctype=\"multipart\/form-data\" novalidate=\"novalidate\" data-status=\"init\">\n<fieldset class=\"hidden-fields-container\"><input type=\"hidden\" name=\"_wpcf7\" value=\"285\" \/><input type=\"hidden\" name=\"_wpcf7_version\" value=\"6.1.5\" \/><input type=\"hidden\" name=\"_wpcf7_locale\" value=\"de_DE\" \/><input type=\"hidden\" name=\"_wpcf7_unit_tag\" value=\"wpcf7-f285-o1\" \/><input type=\"hidden\" name=\"_wpcf7_container_post\" value=\"0\" \/><input type=\"hidden\" name=\"_wpcf7_posted_data_hash\" value=\"\" \/>\n<\/fieldset>\n<p><label> Ihr Name (Pflichtfeld)<br \/>\n<span class=\"wpcf7-form-control-wrap\" data-name=\"your-name\"><input size=\"40\" maxlength=\"400\" class=\"wpcf7-form-control wpcf7-text wpcf7-validates-as-required\" aria-required=\"true\" aria-invalid=\"false\" value=\"\" type=\"text\" name=\"your-name\" \/><\/span> <\/label>\n<\/p>\n<p>Geburtsdatum (Pflichtfeld)\n<\/p>\n<p><span class=\"wpcf7-form-control-wrap\" data-name=\"dob\"><input size=\"40\" maxlength=\"400\" class=\"wpcf7-form-control wpcf7-text wpcf7-validates-as-required\" aria-required=\"true\" aria-invalid=\"false\" value=\"\" type=\"text\" name=\"dob\" \/><\/span>\n<\/p>\n<p><label> Ihre E-Mail-Adresse (Pflichtfeld)<br \/>\n<span class=\"wpcf7-form-control-wrap\" data-name=\"your-email\"><input size=\"40\" maxlength=\"400\" class=\"wpcf7-form-control wpcf7-email wpcf7-validates-as-required wpcf7-text wpcf7-validates-as-email\" aria-required=\"true\" aria-invalid=\"false\" value=\"\" type=\"email\" name=\"your-email\" \/><\/span> <\/label>\n<\/p>\n<p><label> Ihre Telefonnummer (Pflichtfeld)<br \/>\n<span class=\"wpcf7-form-control-wrap\" data-name=\"tel-787\"><input size=\"40\" maxlength=\"400\" class=\"wpcf7-form-control wpcf7-tel wpcf7-validates-as-required wpcf7-text wpcf7-validates-as-tel\" aria-required=\"true\" aria-invalid=\"false\" value=\"\" type=\"tel\" name=\"tel-787\" \/><\/span> <\/label>\n<\/p>\n<p>Was k\u00f6nnen wir f\u00fcr Sie tun?<br \/>\n<span class=\"wpcf7-form-control-wrap\" data-name=\"menu-45\"><select class=\"wpcf7-form-control wpcf7-select\" aria-invalid=\"false\" name=\"menu-45\"><option value=\"Bitte R\u00fcckruf wegen Terminvereinbarung\">Bitte R\u00fcckruf wegen Terminvereinbarung<\/option><option value=\"Ich bin aus dem Krankenhaus entlassen worden und bitte um R\u00fcckruf.\">Ich bin aus dem Krankenhaus entlassen worden und bitte um R\u00fcckruf.<\/option><option value=\"Ich ben\u00f6tige ein Rezept f\u00fcr ein Medikament (bitte unten genaue Bezeichnung oder Foto der Packung hochladen)\">Ich ben\u00f6tige ein Rezept f\u00fcr ein Medikament (bitte unten genaue Bezeichnung oder Foto der Packung hochladen)<\/option><option value=\"Ich m\u00f6chte eine kurze Besprechung eines Befundes.\">Ich m\u00f6chte eine kurze Besprechung eines Befundes.<\/option><option value=\"Sonstiges (bitte unten erl\u00e4utern)\">Sonstiges (bitte unten erl\u00e4utern)<\/option><\/select><\/span>\n<\/p>\n<p><label> Hier k\u00f6nnen Sie ein Foto der Medikamentenverpackung hochladen.<br \/>\n<span class=\"wpcf7-form-control-wrap\" data-name=\"file-39\"><input size=\"40\" class=\"wpcf7-form-control wpcf7-file\" accept=\".gif,.png,.jpg,.pdf\" aria-invalid=\"false\" type=\"file\" name=\"file-39\" \/><\/span> <\/label>\n<\/p>\n<p><label> Ihre Nachricht<br \/>\n<span class=\"wpcf7-form-control-wrap\" data-name=\"your-message\"><textarea cols=\"40\" rows=\"10\" maxlength=\"2000\" class=\"wpcf7-form-control wpcf7-textarea\" aria-invalid=\"false\" name=\"your-message\"><\/textarea><\/span> <\/label>\n<\/p>\n<p><span class=\"wpcf7-form-control-wrap\" data-name=\"acceptance-680\"><span class=\"wpcf7-form-control wpcf7-acceptance\"><span class=\"wpcf7-list-item\"><label><input type=\"checkbox\" name=\"acceptance-680\" value=\"1\" aria-invalid=\"false\" \/><span class=\"wpcf7-list-item-label\">Mit der elektronischen Verarbeitung meiner Daten bin ich einverstanden. Die Unsicherheiten beim elektronischen Datenverkehr sind mir bewu\u00dft.<\/span><\/label><\/span><\/span><\/span><br \/>\n<input class=\"wpcf7-form-control wpcf7-submit has-spinner\" type=\"submit\" value=\"Senden\" \/>\n<\/p><p style=\"display: none !important;\" class=\"akismet-fields-container\" data-prefix=\"_wpcf7_ak_\"><label>&#916;<textarea name=\"_wpcf7_ak_hp_textarea\" cols=\"45\" rows=\"8\" maxlength=\"100\"><\/textarea><\/label><input type=\"hidden\" id=\"ak_js_1\" name=\"_wpcf7_ak_js\" value=\"104\"\/><script>\ndocument.getElementById( \"ak_js_1\" ).setAttribute( \"value\", ( new Date() ).getTime() );\n<\/script>\n<\/p><div class=\"wpcf7-response-output\" aria-hidden=\"true\"><\/div>\n<\/form>\n<\/div>\n\t\t\t\t\t\t\t\t<\/div>\n\t\t\t\t<\/div>\n\t\t\t\t\t<\/div>\n\t\t<\/div>\n\t\t\t\t\t<\/div>\n\t\t<\/section>\n\t\t\t\t<\/div>\n\t\t","protected":false},"excerpt":{"rendered":"<p>Telefonkontakt\/R\u00fcckruf Wir freuen uns, da\u00df Sie unseren online-Service in Anspruch nehmen.\u00a0Unsere Mitarbeiterinnen rufen Sie gerne zur\u00fcck, um Ihr Anliegen zu kl\u00e4ren. Telefonische Beratungen f\u00fchren wir nicht durch. Dr. Junius bietet eine Videosprechstunde f\u00fcr seine Bestandspatienten an. Termine k\u00f6nnen Sie gerne online buchen. Beachten Sie aber, da\u00df hierf\u00fcr die Krankenkasse im aktuellen Quartal bereits vorgelegt haben [&hellip;]<\/p>\n","protected":false},"author":2,"featured_media":0,"parent":0,"menu_order":0,"comment_status":"closed","ping_status":"closed","template":"","meta":{"footnotes":""},"class_list":["post-280","page","type-page","status-publish","hentry"],"aioseo_notices":[],"_links":{"self":[{"href":"https:\/\/www.schlosscarree.de\/urologie\/wp-json\/wp\/v2\/pages\/280","targetHints":{"allow":["GET"]}}],"collection":[{"href":"https:\/\/www.schlosscarree.de\/urologie\/wp-json\/wp\/v2\/pages"}],"about":[{"href":"https:\/\/www.schlosscarree.de\/urologie\/wp-json\/wp\/v2\/types\/page"}],"author":[{"embeddable":true,"href":"https:\/\/www.schlosscarree.de\/urologie\/wp-json\/wp\/v2\/users\/2"}],"replies":[{"embeddable":true,"href":"https:\/\/www.schlosscarree.de\/urologie\/wp-json\/wp\/v2\/comments?post=280"}],"version-history":[{"count":18,"href":"https:\/\/www.schlosscarree.de\/urologie\/wp-json\/wp\/v2\/pages\/280\/revisions"}],"predecessor-version":[{"id":3747,"href":"https:\/\/www.schlosscarree.de\/urologie\/wp-json\/wp\/v2\/pages\/280\/revisions\/3747"}],"wp:attachment":[{"href":"https:\/\/www.schlosscarree.de\/urologie\/wp-json\/wp\/v2\/media?parent=280"}],"curies":[{"name":"wp","href":"https:\/\/api.w.org\/{rel}","templated":true}]}}